{"id":1253,"date":"2025-05-13T21:55:03","date_gmt":"2025-05-13T19:55:03","guid":{"rendered":"https:\/\/works.freshvalley.nl\/?page_id=1253"},"modified":"2026-01-14T07:56:47","modified_gmt":"2026-01-14T06:56:47","slug":"huisvesting","status":"publish","type":"page","link":"https:\/\/works.freshvalley.nl\/pl\/huisvesting\/","title":{"rendered":"Obudowa"},"content":{"rendered":"<div data-elementor-type=\"wp-page\" data-elementor-id=\"1253\" class=\"elementor elementor-1253\" data-elementor-post-type=\"page\">\n\t\t\t\t\t\t<section class=\"elementor-section elementor-top-section elementor-element elementor-element-f12df88 home-hero-section sub-hero-section elementor-section-height-min-height elementor-section-items-bottom elementor-section-boxed elementor-section-height-default\" data-id=\"f12df88\" data-element_type=\"section\" data-settings=\"{&quot;background_background&quot;:&quot;classic&quot;,&quot;shape_divider_bottom&quot;:&quot;mountains&quot;}\">\n\t\t\t\t\t\t\t<div class=\"elementor-background-overlay\"><\/div>\n\t\t\t\t\t\t<div class=\"elementor-shape elementor-shape-bottom\" aria-hidden=\"true\" data-negative=\"false\">\n\t\t\t<svg xmlns=\"http:\/\/www.w3.org\/2000\/svg\" viewbox=\"0 0 1000 100\" preserveaspectratio=\"none\">\n\t<path class=\"elementor-shape-fill\" opacity=\"0.33\" d=\"M473,67.3c-203.9,88.3-263.1-34-320.3,0C66,119.1,0,59.7,0,59.7V0h1000v59.7 c0,0-62.1,26.1-94.9,29.3c-32.8,3.3-62.8-12.3-75.8-22.1C806,49.6,745.3,8.7,694.9,4.7S492.4,59,473,67.3z\"\/>\n\t<path class=\"elementor-shape-fill\" opacity=\"0.66\" d=\"M734,67.3c-45.5,0-77.2-23.2-129.1-39.1c-28.6-8.7-150.3-10.1-254,39.1 s-91.7-34.4-149.2,0C115.7,118.3,0,39.8,0,39.8V0h1000v36.5c0,0-28.2-18.5-92.1-18.5C810.2,18.1,775.7,67.3,734,67.3z\"\/>\n\t<path class=\"elementor-shape-fill\" d=\"M766.1,28.9c-200-57.5-266,65.5-395.1,19.5C242,1.8,242,5.4,184.8,20.6C128,35.8,132.3,44.9,89.9,52.5C28.6,63.7,0,0,0,0 h1000c0,0-9.9,40.9-83.6,48.1S829.6,47,766.1,28.9z\"\/>\n<\/svg>\t\t<\/div>\n\t\t\t\t\t<div class=\"elementor-container elementor-column-gap-default\">\n\t\t\t\t\t<div class=\"elementor-column elementor-col-100 elementor-top-column elementor-element elementor-element-63855f5 elementor-hidden-desktop elementor-hidden-laptop elementor-hidden-tablet elementor-hidden-mobile\" data-id=\"63855f5\" data-element_type=\"column\">\n\t\t\t<div class=\"elementor-widget-wrap\">\n\t\t\t\t\t\t\t<\/div>\n\t\t<\/div>\n\t\t\t\t\t<\/div>\n\t\t<\/section>\n\t\t\t\t<section class=\"elementor-section elementor-top-section elementor-element elementor-element-3a26d20 home-hero-content-section elementor-section-boxed elementor-section-height-default elementor-section-height-default\" data-id=\"3a26d20\" data-element_type=\"section\">\n\t\t\t\t\t\t<div class=\"elementor-container elementor-column-gap-default\">\n\t\t\t\t\t<div class=\"elementor-column elementor-col-100 elementor-top-column elementor-element elementor-element-ea0ae84\" data-id=\"ea0ae84\" data-element_type=\"column\">\n\t\t\t<div class=\"elementor-widget-wrap elementor-element-populated\">\n\t\t\t\t\t\t<div class=\"elementor-element elementor-element-e898b52 elementor-widget__width-initial elementor-widget elementor-widget-text-editor\" data-id=\"e898b52\" data-element_type=\"widget\" data-widget_type=\"text-editor.default\">\n\t\t\t\t<div class=\"elementor-widget-container\">\n\t\t\t\t\t\t\t\t\t<h1>Obudowa w <strong>Fresh Valley Works<\/strong><\/h1><p>W Fresh Valley Works zapewniamy nie tylko odpowiedni\u0105 prac\u0119, ale tak\u017ce wygodne i bezpieczne zakwaterowanie. Niezale\u017cnie od tego, czy pobyt jest tymczasowy, czy d\u0142ugoterminowy, zapewniamy zakwaterowanie zgodne z SNF, w pobli\u017cu miejsca pracy, ze wszystkimi podstawowymi udogodnieniami, kt\u00f3rych potrzebujesz, aby szybko poczu\u0107 si\u0119 jak w domu.<\/p>\t\t\t\t\t\t\t\t<\/div>\n\t\t\t\t<\/div>\n\t\t\t\t\t<\/div>\n\t\t<\/div>\n\t\t\t\t\t<\/div>\n\t\t<\/section>\n\t\t\t\t<section class=\"elementor-section elementor-top-section elementor-element elementor-element-eefc5e4 elementor-section-full_width content-section img-text elementor-section-content-middle elementor-section-height-default elementor-section-height-default\" data-id=\"eefc5e4\" data-element_type=\"section\" data-settings=\"{&quot;background_background&quot;:&quot;classic&quot;}\">\n\t\t\t\t\t\t<div class=\"elementor-container elementor-column-gap-no\">\n\t\t\t\t\t<div class=\"elementor-column elementor-col-50 elementor-top-column elementor-element elementor-element-eea7070\" data-id=\"eea7070\" data-element_type=\"column\">\n\t\t\t<div class=\"elementor-widget-wrap elementor-element-populated\">\n\t\t\t\t\t\t<div class=\"elementor-element elementor-element-ce38f4c elementor-widget elementor-widget-image\" data-id=\"ce38f4c\" data-element_type=\"widget\" data-widget_type=\"image.default\">\n\t\t\t\t<div class=\"elementor-widget-container\">\n\t\t\t\t\t\t\t\t\t\t\t\t\t\t\t<img fetchpriority=\"high\" decoding=\"async\" width=\"838\" height=\"1024\" src=\"https:\/\/works.freshvalley.nl\/wp-content\/uploads\/2023\/09\/template-image-1-1-838x1024.png\" class=\"attachment-large size-large wp-image-1193\" alt=\"\" srcset=\"https:\/\/works.freshvalley.nl\/wp-content\/uploads\/2023\/09\/template-image-1-1-838x1024.png 838w, https:\/\/works.freshvalley.nl\/wp-content\/uploads\/2023\/09\/template-image-1-1-246x300.png 246w, https:\/\/works.freshvalley.nl\/wp-content\/uploads\/2023\/09\/template-image-1-1-768x938.png 768w, https:\/\/works.freshvalley.nl\/wp-content\/uploads\/2023\/09\/template-image-1-1-10x12.png 10w, https:\/\/works.freshvalley.nl\/wp-content\/uploads\/2023\/09\/template-image-1-1.png 960w\" sizes=\"(max-width: 838px) 100vw, 838px\" \/>\t\t\t\t\t\t\t\t\t\t\t\t\t\t\t<\/div>\n\t\t\t\t<\/div>\n\t\t\t\t\t<\/div>\n\t\t<\/div>\n\t\t\t\t<div class=\"elementor-column elementor-col-50 elementor-top-column elementor-element elementor-element-fb3dbf9\" data-id=\"fb3dbf9\" data-element_type=\"column\" data-settings=\"{&quot;background_background&quot;:&quot;classic&quot;}\">\n\t\t\t<div class=\"elementor-widget-wrap elementor-element-populated\">\n\t\t\t\t\t\t<div class=\"elementor-element elementor-element-7047d67 elementor-widget elementor-widget-text-editor\" data-id=\"7047d67\" data-element_type=\"widget\" data-widget_type=\"text-editor.default\">\n\t\t\t\t<div class=\"elementor-widget-container\">\n\t\t\t\t\t\t\t\t\t<h2>Dobre \u017cycie zaczyna si\u0119 tutaj - zakwaterowanie zorganizowane przez Fresh Valley Works<\/h2><p class=\"\" data-start=\"247\" data-end=\"625\">W Fresh Valley Works uwa\u017camy, \u017ce wa\u017cne jest, aby\u015b szybko poczu\u0142 si\u0119 w Holandii jak w domu. Dlatego zapewniamy nie tylko odpowiedni\u0105 prac\u0119, ale tak\u017ce wygodne i niezawodne zakwaterowanie. Niezale\u017cnie od tego, czy przyje\u017cd\u017casz na kilka miesi\u0119cy, czy zostajesz na d\u0142u\u017cej, oferujemy zakwaterowanie spe\u0142niaj\u0105ce standardy SNF, blisko Twojej pracy i ze wszystkimi podstawowymi udogodnieniami, kt\u00f3rych potrzebujesz.<\/p><p class=\"\" data-start=\"627\" data-end=\"837\">Nasze nieruchomo\u015bci s\u0105 w pe\u0142ni umeblowane, dobrze utrzymane i regularnie sprawdzane pod k\u0105tem jako\u015bci. Dzi\u0119ki temu mo\u017cesz skupi\u0107 si\u0119 na swojej pracy i \u017cyciu, podczas gdy my zapewniamy przyjemne miejsce do \u017cycia.<\/p><p class=\"\" data-start=\"839\" data-end=\"901\"><strong data-start=\"839\" data-end=\"901\">Przejrzysty, bezpieczny i zadbany - dok\u0142adnie taki, jaki powinien by\u0107.<\/strong><\/p>\t\t\t\t\t\t\t\t<\/div>\n\t\t\t\t<\/div>\n\t\t\t\t\t<\/div>\n\t\t<\/div>\n\t\t\t\t\t<\/div>\n\t\t<\/section>\n\t\t\t\t<section class=\"elementor-section elementor-top-section elementor-element elementor-element-bf0722a content-section text-img downloads-section elementor-section-content-middle elementor-section-boxed elementor-section-height-default elementor-section-height-default\" data-id=\"bf0722a\" data-element_type=\"section\" data-settings=\"{&quot;background_background&quot;:&quot;classic&quot;}\">\n\t\t\t\t\t\t\t<div class=\"elementor-background-overlay\"><\/div>\n\t\t\t\t\t\t\t<div class=\"elementor-container elementor-column-gap-default\">\n\t\t\t\t\t<div class=\"elementor-column elementor-col-50 elementor-top-column elementor-element elementor-element-957c515\" data-id=\"957c515\" data-element_type=\"column\">\n\t\t\t<div class=\"elementor-widget-wrap elementor-element-populated\">\n\t\t\t\t\t\t<div class=\"elementor-element elementor-element-3941913 elementor-widget elementor-widget-text-editor\" data-id=\"3941913\" data-element_type=\"widget\" data-widget_type=\"text-editor.default\">\n\t\t\t\t<div class=\"elementor-widget-container\">\n\t\t\t\t\t\t\t\t\t<h2>Pliki do pobrania<br \/>&amp; linki<\/h2><p>W Fresh Valley stawiamy na dobr\u0105 wsp\u00f3\u0142prac\u0119 i jeste\u015bmy mi\u0142ym \u015brodowiskiem dla wszystkich.<\/p><p>W tym celu udost\u0119pniamy tutaj wa\u017cne dokumenty i linki:<\/p>\t\t\t\t\t\t\t\t<\/div>\n\t\t\t\t<\/div>\n\t\t\t\t<div class=\"elementor-element elementor-element-733e33f elementor-widget__width-auto elementor-widget elementor-widget-button\" data-id=\"733e33f\" data-element_type=\"widget\" data-widget_type=\"button.default\">\n\t\t\t\t<div class=\"elementor-widget-container\">\n\t\t\t\t\t\t\t\t\t<div class=\"elementor-button-wrapper\">\n\t\t\t\t\t<a class=\"elementor-button elementor-button-link elementor-size-sm\" href=\"\/pl\/privacy-policy\/\">\n\t\t\t\t\t\t<span class=\"elementor-button-content-wrapper\">\n\t\t\t\t\t\t\t\t\t<span class=\"elementor-button-text\">O\u015bwiadczenie o ochronie prywatno\u015bci<\/span>\n\t\t\t\t\t<\/span>\n\t\t\t\t\t<\/a>\n\t\t\t\t<\/div>\n\t\t\t\t\t\t\t\t<\/div>\n\t\t\t\t<\/div>\n\t\t\t\t<div class=\"elementor-element elementor-element-6e7819f elementor-widget__width-auto elementor-widget elementor-widget-button\" data-id=\"6e7819f\" data-element_type=\"widget\" data-widget_type=\"button.default\">\n\t\t\t\t<div class=\"elementor-widget-container\">\n\t\t\t\t\t\t\t\t\t<div class=\"elementor-button-wrapper\">\n\t\t\t\t\t<a class=\"elementor-button elementor-button-link elementor-size-sm\" href=\"https:\/\/works.freshvalley.nl\/wp-content\/uploads\/2025\/05\/SNF_VerklaringVanRegistratie2025.pdf\" target=\"_blank\">\n\t\t\t\t\t\t<span class=\"elementor-button-content-wrapper\">\n\t\t\t\t\t\t\t\t\t<span class=\"elementor-button-text\">Certyfikat SNF<\/span>\n\t\t\t\t\t<\/span>\n\t\t\t\t\t<\/a>\n\t\t\t\t<\/div>\n\t\t\t\t\t\t\t\t<\/div>\n\t\t\t\t<\/div>\n\t\t\t\t<div class=\"elementor-element elementor-element-c908833 elementor-widget__width-auto elementor-widget elementor-widget-button\" data-id=\"c908833\" data-element_type=\"widget\" data-widget_type=\"button.default\">\n\t\t\t\t<div class=\"elementor-widget-container\">\n\t\t\t\t\t\t\t\t\t<div class=\"elementor-button-wrapper\">\n\t\t\t\t\t<a class=\"elementor-button elementor-button-link elementor-size-sm\" href=\"https:\/\/freshvalley.nl\/\" target=\"_blank\" rel=\"noopener\">\n\t\t\t\t\t\t<span class=\"elementor-button-content-wrapper\">\n\t\t\t\t\t\t\t\t\t<span class=\"elementor-button-text\">Strona internetowa Fresh Valley<\/span>\n\t\t\t\t\t<\/span>\n\t\t\t\t\t<\/a>\n\t\t\t\t<\/div>\n\t\t\t\t\t\t\t\t<\/div>\n\t\t\t\t<\/div>\n\t\t\t\t<div class=\"elementor-element elementor-element-020ea93 elementor-widget__width-auto elementor-widget elementor-widget-button\" data-id=\"020ea93\" data-element_type=\"widget\" data-widget_type=\"button.default\">\n\t\t\t\t<div class=\"elementor-widget-container\">\n\t\t\t\t\t\t\t\t\t<div class=\"elementor-button-wrapper\">\n\t\t\t\t\t<a class=\"elementor-button elementor-button-link elementor-size-sm\" href=\"https:\/\/www.normeringflexwonen.nl\/de-norm\" target=\"_blank\" rel=\"noopener\">\n\t\t\t\t\t\t<span class=\"elementor-button-content-wrapper\">\n\t\t\t\t\t\t\t\t\t<span class=\"elementor-button-text\">Standard mieszkaniowy SNF<\/span>\n\t\t\t\t\t<\/span>\n\t\t\t\t\t<\/a>\n\t\t\t\t<\/div>\n\t\t\t\t\t\t\t\t<\/div>\n\t\t\t\t<\/div>\n\t\t\t\t\t<\/div>\n\t\t<\/div>\n\t\t\t\t<div class=\"elementor-column elementor-col-50 elementor-top-column elementor-element elementor-element-b0f32da\" data-id=\"b0f32da\" data-element_type=\"column\">\n\t\t\t<div class=\"elementor-widget-wrap elementor-element-populated\">\n\t\t\t\t\t\t<div class=\"elementor-element elementor-element-69aba4e elementor-widget elementor-widget-image\" data-id=\"69aba4e\" data-element_type=\"widget\" data-widget_type=\"image.default\">\n\t\t\t\t<div class=\"elementor-widget-container\">\n\t\t\t\t\t\t\t\t\t\t\t\t\t\t\t<img decoding=\"async\" width=\"1024\" height=\"476\" src=\"https:\/\/works.freshvalley.nl\/wp-content\/uploads\/2025\/05\/kuppens_fotografie_9359-1024x476.jpg\" class=\"attachment-large size-large wp-image-1260\" alt=\"\" srcset=\"https:\/\/works.freshvalley.nl\/wp-content\/uploads\/2025\/05\/kuppens_fotografie_9359-1024x476.jpg 1024w, https:\/\/works.freshvalley.nl\/wp-content\/uploads\/2025\/05\/kuppens_fotografie_9359-300x139.jpg 300w, https:\/\/works.freshvalley.nl\/wp-content\/uploads\/2025\/05\/kuppens_fotografie_9359-768x357.jpg 768w, https:\/\/works.freshvalley.nl\/wp-content\/uploads\/2025\/05\/kuppens_fotografie_9359-1536x714.jpg 1536w, https:\/\/works.freshvalley.nl\/wp-content\/uploads\/2025\/05\/kuppens_fotografie_9359-2048x952.jpg 2048w, https:\/\/works.freshvalley.nl\/wp-content\/uploads\/2025\/05\/kuppens_fotografie_9359-18x8.jpg 18w\" sizes=\"(max-width: 1024px) 100vw, 1024px\" \/>\t\t\t\t\t\t\t\t\t\t\t\t\t\t\t<\/div>\n\t\t\t\t<\/div>\n\t\t\t\t\t<\/div>\n\t\t<\/div>\n\t\t\t\t\t<\/div>\n\t\t<\/section>\n\t\t\t\t<section class=\"elementor-section elementor-top-section elementor-element elementor-element-efed8da elementor-section-full_width content-section img-text elementor-section-content-middle elementor-section-height-default elementor-section-height-default\" data-id=\"efed8da\" data-element_type=\"section\" data-settings=\"{&quot;background_background&quot;:&quot;classic&quot;}\">\n\t\t\t\t\t\t<div class=\"elementor-container elementor-column-gap-no\">\n\t\t\t\t\t<div class=\"elementor-column elementor-col-50 elementor-top-column elementor-element elementor-element-7de5d70\" data-id=\"7de5d70\" data-element_type=\"column\">\n\t\t\t<div class=\"elementor-widget-wrap elementor-element-populated\">\n\t\t\t\t\t\t<div class=\"elementor-element elementor-element-0610e32 elementor-widget elementor-widget-image\" data-id=\"0610e32\" data-element_type=\"widget\" data-widget_type=\"image.default\">\n\t\t\t\t<div class=\"elementor-widget-container\">\n\t\t\t\t\t\t\t\t\t\t\t\t\t\t\t<img decoding=\"async\" width=\"960\" height=\"762\" src=\"https:\/\/works.freshvalley.nl\/wp-content\/uploads\/2023\/07\/template-image-3.png\" class=\"attachment-large size-large wp-image-939\" alt=\"\" srcset=\"https:\/\/works.freshvalley.nl\/wp-content\/uploads\/2023\/07\/template-image-3.png 960w, https:\/\/works.freshvalley.nl\/wp-content\/uploads\/2023\/07\/template-image-3-300x238.png 300w, https:\/\/works.freshvalley.nl\/wp-content\/uploads\/2023\/07\/template-image-3-768x610.png 768w, https:\/\/works.freshvalley.nl\/wp-content\/uploads\/2023\/07\/template-image-3-15x12.png 15w\" sizes=\"(max-width: 960px) 100vw, 960px\" \/>\t\t\t\t\t\t\t\t\t\t\t\t\t\t\t<\/div>\n\t\t\t\t<\/div>\n\t\t\t\t\t<\/div>\n\t\t<\/div>\n\t\t\t\t<div class=\"elementor-column elementor-col-50 elementor-top-column elementor-element elementor-element-baf10b8\" data-id=\"baf10b8\" data-element_type=\"column\" data-settings=\"{&quot;background_background&quot;:&quot;classic&quot;}\">\n\t\t\t<div class=\"elementor-widget-wrap elementor-element-populated\">\n\t\t\t\t\t\t<div class=\"elementor-element elementor-element-2777f62 elementor-widget__width-auto elementor-widget elementor-widget-icon-box\" data-id=\"2777f62\" data-element_type=\"widget\" data-widget_type=\"icon-box.default\">\n\t\t\t\t<div class=\"elementor-widget-container\">\n\t\t\t\t\t\t\t<div class=\"elementor-icon-box-wrapper\">\n\n\t\t\t\n\t\t\t\t\t\t<div class=\"elementor-icon-box-content\">\n\n\t\t\t\t\t\t\t\t\t<h2 class=\"elementor-icon-box-title\">\n\t\t\t\t\t\t<span  >\n\t\t\t\t\t\t\tStichting Normering Flexwonen\t\t\t\t\t\t<\/span>\n\t\t\t\t\t<\/h2>\n\t\t\t\t\n\t\t\t\t\n\t\t\t<\/div>\n\t\t\t\n\t\t<\/div>\n\t\t\t\t\t\t<\/div>\n\t\t\t\t<\/div>\n\t\t\t\t<div class=\"elementor-element elementor-element-e0be4b8 elementor-widget elementor-widget-text-editor\" data-id=\"e0be4b8\" data-element_type=\"widget\" data-widget_type=\"text-editor.default\">\n\t\t\t\t<div class=\"elementor-widget-container\">\n\t\t\t\t\t\t\t\t\t<p>Stichting Normering Flexwonen (SNF) zarz\u0105dza rejestrem firm, kt\u00f3re spe\u0142niaj\u0105 standardy zakwaterowania migrant\u00f3w zarobkowych i utrzymuje te standardy. Organizacje zapewniaj\u0105ce zakwaterowanie dla migrant\u00f3w zarobkowych mog\u0105 uzyska\u0107 certyfikat od Stichting Normering Flexwonen (Fundacja na rzecz Standaryzacji Elastycznego Zakwaterowania). Aby to zrobi\u0107, musz\u0105 spe\u0142nia\u0107 normy dotycz\u0105ce zakwaterowania migrant\u00f3w zarobkowych.\u00a0<\/p><p>Zobacz <a href=\"https:\/\/www.normeringflexwonen.nl\/\" target=\"_blank\" rel=\"noopener\">https:\/\/www.normeringflexwonen.nl\/<\/a><\/p>\t\t\t\t\t\t\t\t<\/div>\n\t\t\t\t<\/div>\n\t\t\t\t\t<\/div>\n\t\t<\/div>\n\t\t\t\t\t<\/div>\n\t\t<\/section>\n\t\t\t\t<section class=\"elementor-section elementor-top-section elementor-element elementor-element-4179441 padding-section bsn-section elementor-section-boxed elementor-section-height-default elementor-section-height-default\" data-id=\"4179441\" data-element_type=\"section\">\n\t\t\t\t\t\t<div class=\"elementor-container elementor-column-gap-default\">\n\t\t\t\t\t<div class=\"elementor-column elementor-col-100 elementor-top-column elementor-element elementor-element-ed3afb2\" data-id=\"ed3afb2\" data-element_type=\"column\" id=\"vragen\" data-settings=\"{&quot;background_background&quot;:&quot;classic&quot;}\">\n\t\t\t<div class=\"elementor-widget-wrap elementor-element-populated\">\n\t\t\t\t\t\t<div class=\"elementor-element elementor-element-b92dd1e elementor-widget elementor-widget-text-editor\" data-id=\"b92dd1e\" data-element_type=\"widget\" data-widget_type=\"text-editor.default\">\n\t\t\t\t<div class=\"elementor-widget-container\">\n\t\t\t\t\t\t\t\t\t<h3>Pytania dotycz\u0105ce zakwaterowania? Jeste\u015bmy do Twojej dyspozycji.<\/h3><p class=\"\" data-start=\"323\" data-end=\"573\">W Fresh Valley Works cenimy sobie dobr\u0105 komunikacj\u0119 i przejrzysto\u015b\u0107, zar\u00f3wno wobec naszych pracownik\u00f3w, jak i \u015brodowiska, w kt\u00f3rym \u017cyj\u0105. Rozumiemy, \u017ce czasami mog\u0105 pojawi\u0107 si\u0119 pytania lub w\u0105tpliwo\u015bci dotycz\u0105ce oferowanego przez nas zakwaterowania.<\/p><p data-start=\"323\" data-end=\"573\">\u00a0<\/p><h4 data-start=\"575\" data-end=\"597\"><strong>Dla lokalnych mieszka\u0144c\u00f3w<\/strong><\/h4><p class=\"\" data-start=\"598\" data-end=\"842\">Staramy si\u0119, aby dzielnica mieszkaniowa by\u0142a cicha, uporz\u0105dkowana i przyjazna dla wszystkich. Jako lokalny mieszkaniec masz pytanie lub do\u015bwiadczasz uci\u0105\u017cliwo\u015bci? Daj nam zna\u0107. Ka\u017cde zg\u0142oszenie traktujemy powa\u017cnie i ch\u0119tnie wsp\u00f3lnie znajdziemy odpowiednie rozwi\u0105zanie.<\/p><p data-start=\"598\" data-end=\"842\">\u00a0<\/p><h4 class=\"\" data-start=\"844\" data-end=\"867\"><strong>Dla pracownik\u00f3w<\/strong><\/h4><p class=\"\" data-start=\"868\" data-end=\"1083\">Masz pytania dotycz\u0105ce przestrzeni mieszkalnej, udogodnie\u0144 lub regulaminu? A mo\u017ce co\u015b jest zepsute lub niejasne? Nasza trenerka pracy Claudia i koordynatorka mieszkaniowa Ivonne s\u0142u\u017c\u0105 pomoc\u0105. Chcemy, aby\u015b czu\u0142 si\u0119 bezpiecznie i komfortowo w swoim domu.<\/p><p data-start=\"868\" data-end=\"1083\">\u00a0<\/p><p data-start=\"868\" data-end=\"1083\">\u00a0<\/p><h3 data-start=\"868\" data-end=\"1083\">Kontakt?<\/h3><p data-start=\"868\" data-end=\"1083\">W przypadku pyta\u0144 lub powiadomie\u0144 prosimy o kontakt za po\u015brednictwem strony <a href=\"https:\/\/works.freshvalley.nl\/pl\/contact\/\">strona kontaktowa<\/a>. Lub porozmawiaj z jednym z naszych pracownik\u00f3w na miejscu. Wys\u0142uchamy, zastanowimy si\u0119 i rozwi\u0105\u017cemy problem.<\/p>\t\t\t\t\t\t\t\t<\/div>\n\t\t\t\t<\/div>\n\t\t\t\t\t<\/div>\n\t\t<\/div>\n\t\t\t\t\t<\/div>\n\t\t<\/section>\n\t\t\t\t<section class=\"elementor-section elementor-top-section elementor-element elementor-element-9270b50 elementor-section-full_width elementor-section-height-min-height centered-text-section2 bottom-section elementor-section-height-default elementor-section-items-middle\" data-id=\"9270b50\" data-element_type=\"section\" data-settings=\"{&quot;background_background&quot;:&quot;classic&quot;}\">\n\t\t\t\t\t\t<div class=\"elementor-container elementor-column-gap-no\">\n\t\t\t\t\t<div class=\"elementor-column elementor-col-100 elementor-top-column elementor-element elementor-element-99fcc48\" data-id=\"99fcc48\" data-element_type=\"column\">\n\t\t\t<div class=\"elementor-widget-wrap elementor-element-populated\">\n\t\t\t\t\t\t<div class=\"elementor-element elementor-element-d6a123b elementor-widget elementor-widget-heading\" data-id=\"d6a123b\" data-element_type=\"widget\" data-widget_type=\"heading.default\">\n\t\t\t\t<div class=\"elementor-widget-container\">\n\t\t\t\t\t<h2 class=\"elementor-heading-title elementor-size-default\">Czy masz jakie\u015b inne pytania? Je\u015bli tak, prosimy o kontakt.<\/h2>\t\t\t\t<\/div>\n\t\t\t\t<\/div>\n\t\t\t\t<div class=\"elementor-element elementor-element-669cac5 elementor-align-center elementor-widget elementor-widget-button\" data-id=\"669cac5\" data-element_type=\"widget\" data-widget_type=\"button.default\">\n\t\t\t\t<div class=\"elementor-widget-container\">\n\t\t\t\t\t\t\t\t\t<div class=\"elementor-button-wrapper\">\n\t\t\t\t\t<a class=\"elementor-button elementor-button-link elementor-size-sm\" href=\"\/pl\/contact\/\">\n\t\t\t\t\t\t<span class=\"elementor-button-content-wrapper\">\n\t\t\t\t\t\t\t\t\t<span class=\"elementor-button-text\">Kontakt<\/span>\n\t\t\t\t\t<\/span>\n\t\t\t\t\t<\/a>\n\t\t\t\t<\/div>\n\t\t\t\t\t\t\t\t<\/div>\n\t\t\t\t<\/div>\n\t\t\t\t\t<\/div>\n\t\t<\/div>\n\t\t\t\t\t<\/div>\n\t\t<\/section>\n\t\t\t\t<\/div>","protected":false},"excerpt":{"rendered":"<p>Huisvesting bij Fresh Valley Works Bij Fresh Valley Works zorgen we niet alleen voor passend werk, maar ook voor comfortabele en veilige huisvesting. Of je nu tijdelijk of langdurig blijft, wij bieden woningen die voldoen aan de SNF-normen, dicht bij je werk, met alle basisvoorzieningen die je nodig hebt om je snel thuis te voelen. [&hellip;]<\/p>","protected":false},"author":7,"featured_media":0,"parent":0,"menu_order":0,"comment_status":"closed","ping_status":"closed","template":"","meta":{"_acf_changed":false,"site-sidebar-layout":"no-sidebar","site-content-layout":"page-builder","ast-site-content-layout":"full-width-container","site-content-style":"unboxed","site-sidebar-style":"unboxed","ast-global-header-display":"","ast-banner-title-visibility":"","ast-main-header-display":"","ast-hfb-above-header-display":"","ast-hfb-below-header-display":"","ast-hfb-mobile-header-display":"","site-post-title":"disabled","ast-breadcrumbs-content":"","ast-featured-img":"disabled","footer-sml-layout":"","ast-disable-related-posts":"","theme-transparent-header-meta":"default","adv-header-id-meta":"","stick-header-meta":"","header-above-stick-meta":"","header-main-stick-meta":"","header-below-stick-meta":"","astra-migrate-meta-layouts":"set","ast-page-background-enabled":"default","ast-page-background-meta":{"desktop":{"background-color":"var(--ast-global-color-4)","background-image":"","background-repeat":"repeat","background-position":"center center","background-size":"auto","background-attachment":"scroll","background-type":"","background-media":"","overlay-type":"","overlay-color":"","overlay-opacity":"","overlay-gradient":""},"tablet":{"background-color":"","background-image":"","background-repeat":"repeat","background-position":"center center","background-size":"auto","background-attachment":"scroll","background-type":"","background-media":"","overlay-type":"","overlay-color":"","overlay-opacity":"","overlay-gradient":""},"mobile":{"background-color":"","background-image":"","background-repeat":"repeat","background-position":"center center","background-size":"auto","background-attachment":"scroll","background-type":"","background-media":"","overlay-type":"","overlay-color":"","overlay-opacity":"","overlay-gradient":""}},"ast-content-background-meta":{"desktop":{"background-color":"var(--ast-global-color-5)","background-image":"","background-repeat":"repeat","background-position":"center center","background-size":"auto","background-attachment":"scroll","background-type":"","background-media":"","overlay-type":"","overlay-color":"","overlay-opacity":"","overlay-gradient":""},"tablet":{"background-color":"var(--ast-global-color-5)","background-image":"","background-repeat":"repeat","background-position":"center center","background-size":"auto","background-attachment":"scroll","background-type":"","background-media":"","overlay-type":"","overlay-color":"","overlay-opacity":"","overlay-gradient":""},"mobile":{"background-color":"var(--ast-global-color-5)","background-image":"","background-repeat":"repeat","background-position":"center center","background-size":"auto","background-attachment":"scroll","background-type":"","background-media":"","overlay-type":"","overlay-color":"","overlay-opacity":"","overlay-gradient":""}},"footnotes":""},"class_list":["post-1253","page","type-page","status-publish","hentry"],"acf":[],"_links":{"self":[{"href":"https:\/\/works.freshvalley.nl\/pl\/wp-json\/wp\/v2\/pages\/1253","targetHints":{"allow":["GET"]}}],"collection":[{"href":"https:\/\/works.freshvalley.nl\/pl\/wp-json\/wp\/v2\/pages"}],"about":[{"href":"https:\/\/works.freshvalley.nl\/pl\/wp-json\/wp\/v2\/types\/page"}],"author":[{"embeddable":true,"href":"https:\/\/works.freshvalley.nl\/pl\/wp-json\/wp\/v2\/users\/7"}],"replies":[{"embeddable":true,"href":"https:\/\/works.freshvalley.nl\/pl\/wp-json\/wp\/v2\/comments?post=1253"}],"version-history":[{"count":17,"href":"https:\/\/works.freshvalley.nl\/pl\/wp-json\/wp\/v2\/pages\/1253\/revisions"}],"predecessor-version":[{"id":1284,"href":"https:\/\/works.freshvalley.nl\/pl\/wp-json\/wp\/v2\/pages\/1253\/revisions\/1284"}],"wp:attachment":[{"href":"https:\/\/works.freshvalley.nl\/pl\/wp-json\/wp\/v2\/media?parent=1253"}],"curies":[{"name":"wp","href":"https:\/\/api.w.org\/{rel}","templated":true}]}}