{"id":968,"date":"2023-07-21T14:44:09","date_gmt":"2023-07-21T12:44:09","guid":{"rendered":"https:\/\/works.freshvalley.nl\/?page_id=968"},"modified":"2024-03-19T04:46:32","modified_gmt":"2024-03-19T03:46:32","slug":"jouw-proces","status":"publish","type":"page","link":"https:\/\/works.freshvalley.nl\/pl\/jouw-proces\/","title":{"rendered":"Tw\u00f3j proces"},"content":{"rendered":"<div data-elementor-type=\"wp-page\" data-elementor-id=\"968\" class=\"elementor elementor-968\" data-elementor-post-type=\"page\">\n\t\t\t\t\t\t<section class=\"elementor-section elementor-top-section elementor-element elementor-element-27e8d74 home-hero-section sub-hero-section2 elementor-section-height-min-height elementor-section-items-bottom elementor-section-boxed elementor-section-height-default\" data-id=\"27e8d74\" data-element_type=\"section\" data-settings=\"{&quot;background_background&quot;:&quot;classic&quot;,&quot;shape_divider_bottom&quot;:&quot;mountains&quot;}\">\n\t\t\t\t\t\t\t<div class=\"elementor-background-overlay\"><\/div>\n\t\t\t\t\t\t<div class=\"elementor-shape elementor-shape-bottom\" aria-hidden=\"true\" data-negative=\"false\">\n\t\t\t<svg xmlns=\"http:\/\/www.w3.org\/2000\/svg\" viewbox=\"0 0 1000 100\" preserveaspectratio=\"none\">\n\t<path class=\"elementor-shape-fill\" opacity=\"0.33\" d=\"M473,67.3c-203.9,88.3-263.1-34-320.3,0C66,119.1,0,59.7,0,59.7V0h1000v59.7 c0,0-62.1,26.1-94.9,29.3c-32.8,3.3-62.8-12.3-75.8-22.1C806,49.6,745.3,8.7,694.9,4.7S492.4,59,473,67.3z\"\/>\n\t<path class=\"elementor-shape-fill\" opacity=\"0.66\" d=\"M734,67.3c-45.5,0-77.2-23.2-129.1-39.1c-28.6-8.7-150.3-10.1-254,39.1 s-91.7-34.4-149.2,0C115.7,118.3,0,39.8,0,39.8V0h1000v36.5c0,0-28.2-18.5-92.1-18.5C810.2,18.1,775.7,67.3,734,67.3z\"\/>\n\t<path class=\"elementor-shape-fill\" d=\"M766.1,28.9c-200-57.5-266,65.5-395.1,19.5C242,1.8,242,5.4,184.8,20.6C128,35.8,132.3,44.9,89.9,52.5C28.6,63.7,0,0,0,0 h1000c0,0-9.9,40.9-83.6,48.1S829.6,47,766.1,28.9z\"\/>\n<\/svg>\t\t<\/div>\n\t\t\t\t\t<div class=\"elementor-container elementor-column-gap-default\">\n\t\t\t\t\t<div class=\"elementor-column elementor-col-100 elementor-top-column elementor-element elementor-element-c59b912 elementor-hidden-desktop elementor-hidden-laptop elementor-hidden-tablet elementor-hidden-mobile\" data-id=\"c59b912\" data-element_type=\"column\">\n\t\t\t<div class=\"elementor-widget-wrap\">\n\t\t\t\t\t\t\t<\/div>\n\t\t<\/div>\n\t\t\t\t\t<\/div>\n\t\t<\/section>\n\t\t\t\t<section class=\"elementor-section elementor-top-section elementor-element elementor-element-25d478f home-hero-content-section elementor-section-boxed elementor-section-height-default elementor-section-height-default\" data-id=\"25d478f\" data-element_type=\"section\">\n\t\t\t\t\t\t<div class=\"elementor-container elementor-column-gap-default\">\n\t\t\t\t\t<div class=\"elementor-column elementor-col-100 elementor-top-column elementor-element elementor-element-6f022e5\" data-id=\"6f022e5\" data-element_type=\"column\">\n\t\t\t<div class=\"elementor-widget-wrap elementor-element-populated\">\n\t\t\t\t\t\t<div class=\"elementor-element elementor-element-8f0c698 jouwproces elementor-widget elementor-widget-text-editor\" data-id=\"8f0c698\" data-element_type=\"widget\" data-widget_type=\"text-editor.default\">\n\t\t\t\t<div class=\"elementor-widget-container\">\n\t\t\t\t\t\t\t\t\t<h2>W ten spos\u00f3b <br \/>Tw\u00f3j proces<\/h2>\t\t\t\t\t\t\t\t<\/div>\n\t\t\t\t<\/div>\n\t\t\t\t<section class=\"elementor-section elementor-inner-section elementor-element elementor-element-4639dc5 elementor-section-full_width jouw-proces-section elementor-section-height-default elementor-section-height-default\" data-id=\"4639dc5\" data-element_type=\"section\">\n\t\t\t\t\t\t<div class=\"elementor-container elementor-column-gap-default\">\n\t\t\t\t\t<div class=\"elementor-column elementor-col-100 elementor-inner-column elementor-element elementor-element-d026f8d\" data-id=\"d026f8d\" data-element_type=\"column\">\n\t\t\t<div class=\"elementor-widget-wrap elementor-element-populated\">\n\t\t\t\t\t\t<div class=\"elementor-element elementor-element-a6e8286 elementor-position-top elementor-widget elementor-widget-image-box\" data-id=\"a6e8286\" data-element_type=\"widget\" data-widget_type=\"image-box.default\">\n\t\t\t\t<div class=\"elementor-widget-container\">\n\t\t\t\t\t<div class=\"elementor-image-box-wrapper\"><figure class=\"elementor-image-box-img\"><img decoding=\"async\" width=\"153\" height=\"153\" src=\"https:\/\/works.freshvalley.nl\/wp-content\/uploads\/2023\/09\/1.svg\" class=\"attachment-full size-full wp-image-1131\" alt=\"\" \/><\/figure><div class=\"elementor-image-box-content\"><h3 class=\"elementor-image-box-title\">Aplikacja \/ rejestracja<\/h3><p class=\"elementor-image-box-description\">Za po\u015brednictwem naszej strony internetowej\nzarejestruj si\u0119 samodzielnie<\/p><\/div><\/div>\t\t\t\t<\/div>\n\t\t\t\t<\/div>\n\t\t\t\t<div class=\"elementor-element elementor-element-4d5eea7 elementor-position-top elementor-widget elementor-widget-image-box\" data-id=\"4d5eea7\" data-element_type=\"widget\" data-widget_type=\"image-box.default\">\n\t\t\t\t<div class=\"elementor-widget-container\">\n\t\t\t\t\t<div class=\"elementor-image-box-wrapper\"><figure class=\"elementor-image-box-img\"><img decoding=\"async\" width=\"153\" height=\"153\" src=\"https:\/\/works.freshvalley.nl\/wp-content\/uploads\/2023\/09\/2.svg\" class=\"attachment-full size-full wp-image-1132\" alt=\"\" \/><\/figure><div class=\"elementor-image-box-content\"><h3 class=\"elementor-image-box-title\">Moment kontaktu<\/h3><p class=\"elementor-image-box-description\">Skontaktujemy si\u0119 z Tob\u0105 tak szybko, jak to mo\u017cliwe, aby wsp\u00f3lnie om\u00f3wi\u0107 Twoj\u0105 aplikacj\u0119 i mo\u017cliwo\u015bci. Oczywi\u015bcie w Twoim j\u0119zyku ojczystym.<\/p><\/div><\/div>\t\t\t\t<\/div>\n\t\t\t\t<\/div>\n\t\t\t\t<div class=\"elementor-element elementor-element-55049b7 elementor-position-top elementor-widget elementor-widget-image-box\" data-id=\"55049b7\" data-element_type=\"widget\" data-widget_type=\"image-box.default\">\n\t\t\t\t<div class=\"elementor-widget-container\">\n\t\t\t\t\t<div class=\"elementor-image-box-wrapper\"><figure class=\"elementor-image-box-img\"><img decoding=\"async\" width=\"153\" height=\"153\" src=\"https:\/\/works.freshvalley.nl\/wp-content\/uploads\/2023\/09\/3.svg\" class=\"attachment-full size-full wp-image-1134\" alt=\"\" \/><\/figure><div class=\"elementor-image-box-content\"><h3 class=\"elementor-image-box-title\">Otrzymasz informacje<\/h3><p class=\"elementor-image-box-description\">Informacje o naszych lokalizacjach upraw, mo\u017cliwych miejscach pracy, dniach pracy, stawce godzinowej brutto i innych wa\u017cnych rzeczach.<\/p><\/div><\/div>\t\t\t\t<\/div>\n\t\t\t\t<\/div>\n\t\t\t\t<div class=\"elementor-element elementor-element-e3fe0ff elementor-position-top elementor-widget elementor-widget-image-box\" data-id=\"e3fe0ff\" data-element_type=\"widget\" data-widget_type=\"image-box.default\">\n\t\t\t\t<div class=\"elementor-widget-container\">\n\t\t\t\t\t<div class=\"elementor-image-box-wrapper\"><figure class=\"elementor-image-box-img\"><img loading=\"lazy\" decoding=\"async\" width=\"153\" height=\"153\" src=\"https:\/\/works.freshvalley.nl\/wp-content\/uploads\/2023\/09\/4.svg\" class=\"attachment-full size-full wp-image-1135\" alt=\"\" \/><\/figure><div class=\"elementor-image-box-content\"><h3 class=\"elementor-image-box-title\">Data rozpocz\u0119cia dzia\u0142alno\u015bci<\/h3><p class=\"elementor-image-box-description\">Po uzgodnieniu z naszymi lokalizacjami upraw, zostanie om\u00f3wiona konkretna data rozpocz\u0119cia pracy<\/p><\/div><\/div>\t\t\t\t<\/div>\n\t\t\t\t<\/div>\n\t\t\t\t<div class=\"elementor-element elementor-element-6ba5e3b elementor-position-top elementor-widget elementor-widget-image-box\" data-id=\"6ba5e3b\" data-element_type=\"widget\" data-widget_type=\"image-box.default\">\n\t\t\t\t<div class=\"elementor-widget-container\">\n\t\t\t\t\t<div class=\"elementor-image-box-wrapper\"><figure class=\"elementor-image-box-img\"><img loading=\"lazy\" decoding=\"async\" width=\"153\" height=\"153\" src=\"https:\/\/works.freshvalley.nl\/wp-content\/uploads\/2023\/09\/5.svg\" class=\"attachment-full size-full wp-image-1136\" alt=\"\" \/><\/figure><div class=\"elementor-image-box-content\"><h3 class=\"elementor-image-box-title\">Podr\u00f3\u017c do Holandii<\/h3><p class=\"elementor-image-box-description\">Tw\u00f3j wyjazd do Holandii mo\u017ce zosta\u0107 zaplanowany, a w razie potrzeby nasz trener pracy udzieli Ci wsparcia.<\/p><\/div><\/div>\t\t\t\t<\/div>\n\t\t\t\t<\/div>\n\t\t\t\t<div class=\"elementor-element elementor-element-42952e3 elementor-position-top elementor-widget elementor-widget-image-box\" data-id=\"42952e3\" data-element_type=\"widget\" data-widget_type=\"image-box.default\">\n\t\t\t\t<div class=\"elementor-widget-container\">\n\t\t\t\t\t<div class=\"elementor-image-box-wrapper\"><figure class=\"elementor-image-box-img\"><img loading=\"lazy\" decoding=\"async\" width=\"153\" height=\"153\" src=\"https:\/\/works.freshvalley.nl\/wp-content\/uploads\/2023\/09\/6.svg\" class=\"attachment-full size-full wp-image-1164\" alt=\"\" \/><\/figure><div class=\"elementor-image-box-content\"><h3 class=\"elementor-image-box-title\">Lokalizacja mieszkalna<\/h3><p class=\"elementor-image-box-description\">Gdy wszystko zostanie sfinalizowane, otrzymasz lokalizacj\u0119 mieszkania i dane kontaktowe osoby odpowiedzialnej za t\u0119 lokalizacj\u0119. Osoba ta jest cz\u0142onkiem personelu i dopilnuje, aby Tw\u00f3j pok\u00f3j, klucz i inne informacje by\u0142y gotowe na Tw\u00f3j przyjazd.<\/p><\/div><\/div>\t\t\t\t<\/div>\n\t\t\t\t<\/div>\n\t\t\t\t<div class=\"elementor-element elementor-element-5840b9d elementor-position-top elementor-widget elementor-widget-image-box\" data-id=\"5840b9d\" data-element_type=\"widget\" data-widget_type=\"image-box.default\">\n\t\t\t\t<div class=\"elementor-widget-container\">\n\t\t\t\t\t<div class=\"elementor-image-box-wrapper\"><figure class=\"elementor-image-box-img\"><img loading=\"lazy\" decoding=\"async\" width=\"153\" height=\"153\" src=\"https:\/\/works.freshvalley.nl\/wp-content\/uploads\/2023\/09\/7.svg\" class=\"attachment-full size-full wp-image-1165\" alt=\"\" \/><\/figure><div class=\"elementor-image-box-content\"><h3 class=\"elementor-image-box-title\">Wsp\u00f3lne \u017cycie<\/h3><p class=\"elementor-image-box-description\">B\u0119dziesz mieszka\u0107 z kolegami, z kt\u00f3rymi b\u0119dziesz tak\u017ce pracowa\u0107, wi\u0119c zacznij rozmawia\u0107 i zadawaj wiele pyta\u0144. Otrzymasz r\u00f3wnie\u017c kopert\u0119 z zasadami obowi\u0105zuj\u0105cymi w domu i informacjami o miejscu uprawy, wi\u0119c upewnij si\u0119, \u017ce dok\u0142adnie j\u0105 przeczyta\u0142e\u015b.<\/p><\/div><\/div>\t\t\t\t<\/div>\n\t\t\t\t<\/div>\n\t\t\t\t<div class=\"elementor-element elementor-element-fd5ec81 elementor-position-top elementor-widget elementor-widget-image-box\" data-id=\"fd5ec81\" data-element_type=\"widget\" data-widget_type=\"image-box.default\">\n\t\t\t\t<div class=\"elementor-widget-container\">\n\t\t\t\t\t<div class=\"elementor-image-box-wrapper\"><figure class=\"elementor-image-box-img\"><img loading=\"lazy\" decoding=\"async\" width=\"153\" height=\"153\" src=\"https:\/\/works.freshvalley.nl\/wp-content\/uploads\/2023\/09\/8.svg\" class=\"attachment-full size-full wp-image-1166\" alt=\"\" \/><\/figure><div class=\"elementor-image-box-content\"><h3 class=\"elementor-image-box-title\">Pierwszy dzie\u0144 roboczy<\/h3><p class=\"elementor-image-box-description\">W uzgodnionym dniu rozpocz\u0119cia upewnij si\u0119, \u017ce jeste\u015b w miejscu uprawy na czas, je\u015bli nie masz jeszcze transportu, mo\u017cesz przyjecha\u0107 z kolegami. Nast\u0119pnie zorganizujemy pomoc w transporcie do pracy lub supermarketu.<\/p><\/div><\/div>\t\t\t\t<\/div>\n\t\t\t\t<\/div>\n\t\t\t\t<div class=\"elementor-element elementor-element-b3ee301 elementor-position-top elementor-widget elementor-widget-image-box\" data-id=\"b3ee301\" data-element_type=\"widget\" data-widget_type=\"image-box.default\">\n\t\t\t\t<div class=\"elementor-widget-container\">\n\t\t\t\t\t<div class=\"elementor-image-box-wrapper\"><figure class=\"elementor-image-box-img\"><img loading=\"lazy\" decoding=\"async\" width=\"153\" height=\"153\" src=\"https:\/\/works.freshvalley.nl\/wp-content\/uploads\/2023\/09\/9.svg\" class=\"attachment-full size-full wp-image-1167\" alt=\"\" \/><\/figure><div class=\"elementor-image-box-content\"><h3 class=\"elementor-image-box-title\">Mened\u017cer biznesowy<\/h3><p class=\"elementor-image-box-description\">Zostaniesz powitany przez kierownika firmy i ewentualnie lidera zespo\u0142u, z kt\u00f3rym mo\u017cesz dobrze porozumiewa\u0107 si\u0119 w swoim j\u0119zyku ojczystym. Po kr\u00f3tkich wyja\u015bnieniach rozpoczniesz prac\u0119 zgodnie z harmonogramem.<\/p><\/div><\/div>\t\t\t\t<\/div>\n\t\t\t\t<\/div>\n\t\t\t\t<div class=\"elementor-element elementor-element-d5c6c9f elementor-position-top elementor-widget elementor-widget-image-box\" data-id=\"d5c6c9f\" data-element_type=\"widget\" data-widget_type=\"image-box.default\">\n\t\t\t\t<div class=\"elementor-widget-container\">\n\t\t\t\t\t<div class=\"elementor-image-box-wrapper\"><figure class=\"elementor-image-box-img\"><img loading=\"lazy\" decoding=\"async\" width=\"153\" height=\"153\" src=\"https:\/\/works.freshvalley.nl\/wp-content\/uploads\/2023\/09\/10.svg\" class=\"attachment-full size-full wp-image-1168\" alt=\"\" \/><\/figure><div class=\"elementor-image-box-content\"><h3 class=\"elementor-image-box-title\">Trener pracy<\/h3><p class=\"elementor-image-box-description\">Nasz trener pracy b\u0119dzie obecny w miejscu uprawy jeden sta\u0142y dzie\u0144 w tygodniu, oczywi\u015bcie zawsze mo\u017cna si\u0119 z nim skontaktowa\u0107 w przypadku pyta\u0144 po\u015brednich lub z kierownikiem miejsca uprawy.<\/p><\/div><\/div>\t\t\t\t<\/div>\n\t\t\t\t<\/div>\n\t\t\t\t<div class=\"elementor-element elementor-element-148d8c7 elementor-position-top elementor-widget elementor-widget-image-box\" data-id=\"148d8c7\" data-element_type=\"widget\" data-widget_type=\"image-box.default\">\n\t\t\t\t<div class=\"elementor-widget-container\">\n\t\t\t\t\t<div class=\"elementor-image-box-wrapper\"><figure class=\"elementor-image-box-img\"><img loading=\"lazy\" decoding=\"async\" width=\"153\" height=\"153\" src=\"https:\/\/works.freshvalley.nl\/wp-content\/uploads\/2023\/09\/11.svg\" class=\"attachment-full size-full wp-image-1169\" alt=\"\" \/><\/figure><div class=\"elementor-image-box-content\"><h3 class=\"elementor-image-box-title\">Gegevens &amp; contract<\/h3><p class=\"elementor-image-box-description\">Om\u00f3wiona zostanie umowa, ale tak\u017ce inne kwestie, takie jak ubezpieczenie zdrowotne, konto bankowe i BSN. Je\u015bli trzeba b\u0119dzie poprosi\u0107 o co\u015b jeszcze, oczywi\u015bcie pomo\u017cemy.<\/p><\/div><\/div>\t\t\t\t<\/div>\n\t\t\t\t<\/div>\n\t\t\t\t<div class=\"elementor-element elementor-element-0c3a1e2 elementor-position-top elementor-widget elementor-widget-image-box\" data-id=\"0c3a1e2\" data-element_type=\"widget\" data-widget_type=\"image-box.default\">\n\t\t\t\t<div class=\"elementor-widget-container\">\n\t\t\t\t\t<div class=\"elementor-image-box-wrapper\"><figure class=\"elementor-image-box-img\"><img loading=\"lazy\" decoding=\"async\" width=\"153\" height=\"153\" src=\"https:\/\/works.freshvalley.nl\/wp-content\/uploads\/2023\/09\/12.svg\" class=\"attachment-full size-full wp-image-1170\" alt=\"\" \/><\/figure><div class=\"elementor-image-box-content\"><h3 class=\"elementor-image-box-title\">Portal Nmbrs<\/h3><p class=\"elementor-image-box-description\">Gdy wszystko zostanie ustalone, mo\u017cesz podpisa\u0107 umow\u0119 za po\u015brednictwem portalu Nmbrs w telefonie, do kt\u00f3rego login otrzymasz od nas poczt\u0105 elektroniczn\u0105. Za po\u015brednictwem tego portalu otrzymasz podpisan\u0105 umow\u0119, odcinki wyp\u0142at i inne wa\u017cne dokumenty.<\/p><\/div><\/div>\t\t\t\t<\/div>\n\t\t\t\t<\/div>\n\t\t\t\t<div class=\"elementor-element elementor-element-24d2901 elementor-position-top elementor-widget elementor-widget-image-box\" data-id=\"24d2901\" data-element_type=\"widget\" data-widget_type=\"image-box.default\">\n\t\t\t\t<div class=\"elementor-widget-container\">\n\t\t\t\t\t<div class=\"elementor-image-box-wrapper\"><figure class=\"elementor-image-box-img\"><img loading=\"lazy\" decoding=\"async\" width=\"153\" height=\"153\" src=\"https:\/\/works.freshvalley.nl\/wp-content\/uploads\/2023\/09\/13.svg\" class=\"attachment-full size-full wp-image-1171\" alt=\"\" \/><\/figure><div class=\"elementor-image-box-content\"><h3 class=\"elementor-image-box-title\">Godziny<\/h3><p class=\"elementor-image-box-description\">Co tydzie\u0144 udost\u0119pniamy informacje o przepracowanych godzinach, aby\u015b m\u00f3g\u0142 je sprawdzi\u0107.<\/p><\/div><\/div>\t\t\t\t<\/div>\n\t\t\t\t<\/div>\n\t\t\t\t<div class=\"elementor-element elementor-element-3611a97 elementor-position-top elementor-widget elementor-widget-image-box\" data-id=\"3611a97\" data-element_type=\"widget\" data-widget_type=\"image-box.default\">\n\t\t\t\t<div class=\"elementor-widget-container\">\n\t\t\t\t\t<div class=\"elementor-image-box-wrapper\"><figure class=\"elementor-image-box-img\"><img loading=\"lazy\" decoding=\"async\" width=\"153\" height=\"153\" src=\"https:\/\/works.freshvalley.nl\/wp-content\/uploads\/2023\/09\/14.svg\" class=\"attachment-full size-full wp-image-1172\" alt=\"\" \/><\/figure><div class=\"elementor-image-box-content\"><h3 class=\"elementor-image-box-title\">Harmonogram pracy<\/h3><p class=\"elementor-image-box-description\">W sto\u0142\u00f3wce lub w jej pobli\u017cu zawsze wy\u015bwietlany jest harmonogram, wyra\u017anie wskazuj\u0105cy dni, w kt\u00f3rych masz pracowa\u0107. Dni robocze r\u00f3\u017cni\u0105 si\u0119 w zale\u017cno\u015bci od lokalizacji uprawy, wi\u0119c nale\u017cy je dok\u0142adnie sprawdzi\u0107, aby upewni\u0107 si\u0119, \u017ce zawsze jeste\u015b obecny zgodnie z harmonogramem.<\/p><\/div><\/div>\t\t\t\t<\/div>\n\t\t\t\t<\/div>\n\t\t\t\t<div class=\"elementor-element elementor-element-cd8d115 elementor-position-top elementor-widget elementor-widget-image-box\" data-id=\"cd8d115\" data-element_type=\"widget\" data-widget_type=\"image-box.default\">\n\t\t\t\t<div class=\"elementor-widget-container\">\n\t\t\t\t\t<div class=\"elementor-image-box-wrapper\"><figure class=\"elementor-image-box-img\"><img loading=\"lazy\" decoding=\"async\" width=\"153\" height=\"153\" src=\"https:\/\/works.freshvalley.nl\/wp-content\/uploads\/2023\/09\/15.svg\" class=\"attachment-full size-full wp-image-1173\" alt=\"\" \/><\/figure><div class=\"elementor-image-box-content\"><h3 class=\"elementor-image-box-title\">Twoje pierwsze wynagrodzenie<\/h3><p class=\"elementor-image-box-description\">Wyp\u0142acamy zas\u0142u\u017cone wynagrodzenie za okres 4 tygodni, robimy to w sta\u0142ych tygodniach, takich samych dla wszystkich. W czwartek 5, 9, 13 tygodnia itd.<\/p><\/div><\/div>\t\t\t\t<\/div>\n\t\t\t\t<\/div>\n\t\t\t\t<div class=\"elementor-element elementor-element-e3b2777 elementor-position-top elementor-widget elementor-widget-image-box\" data-id=\"e3b2777\" data-element_type=\"widget\" data-widget_type=\"image-box.default\">\n\t\t\t\t<div class=\"elementor-widget-container\">\n\t\t\t\t\t<div class=\"elementor-image-box-wrapper\"><figure class=\"elementor-image-box-img\"><img loading=\"lazy\" decoding=\"async\" width=\"153\" height=\"153\" src=\"https:\/\/works.freshvalley.nl\/wp-content\/uploads\/2023\/09\/16.svg\" class=\"attachment-full size-full wp-image-1174\" alt=\"\" \/><\/figure><div class=\"elementor-image-box-content\"><h3 class=\"elementor-image-box-title\">Premie za wyniki<\/h3><p class=\"elementor-image-box-description\">Co tydzie\u0144 b\u0119dziesz tak\u017ce widzie\u0107 r\u00f3\u017cne przegl\u0105dy pokazuj\u0105ce, jakie s\u0105 standardy dla poszczeg\u00f3lnych operacji i jak sobie w nich radzisz. Jest to oczywi\u015bcie bardzo interesuj\u0105ce, poniewa\u017c na tej podstawie wyp\u0142acamy r\u00f3wnie\u017c premie za wyniki.<\/p><\/div><\/div>\t\t\t\t<\/div>\n\t\t\t\t<\/div>\n\t\t\t\t<div class=\"elementor-element elementor-element-c838d5d elementor-position-top elementor-widget elementor-widget-image-box\" data-id=\"c838d5d\" data-element_type=\"widget\" data-widget_type=\"image-box.default\">\n\t\t\t\t<div class=\"elementor-widget-container\">\n\t\t\t\t\t<div class=\"elementor-image-box-wrapper\"><figure class=\"elementor-image-box-img\"><img loading=\"lazy\" decoding=\"async\" width=\"153\" height=\"153\" src=\"https:\/\/works.freshvalley.nl\/wp-content\/uploads\/2023\/09\/17.svg\" class=\"attachment-full size-full wp-image-1175\" alt=\"\" \/><\/figure><div class=\"elementor-image-box-content\"><h3 class=\"elementor-image-box-title\">Wyj\u015bcia do pracy<\/h3><p class=\"elementor-image-box-description\">Poniewa\u017c lubimy dobr\u0105 atmosfer\u0119 w naszych zak\u0142adach i w\u015br\u00f3d wsp\u00f3\u0142pracownik\u00f3w, kilka razy w roku organizujemy zabawne wyj\u015bcia. Kr\u0119gle, grill lub wiecz\u00f3r pe\u0142en zabawy. Upewnij si\u0119, \u017ce we\u017amiesz udzia\u0142!<\/p><\/div><\/div>\t\t\t\t<\/div>\n\t\t\t\t<\/div>\n\t\t\t\t\t<\/div>\n\t\t<\/div>\n\t\t\t\t\t<\/div>\n\t\t<\/section>\n\t\t\t\t\t<\/div>\n\t\t<\/div>\n\t\t\t\t\t<\/div>\n\t\t<\/section>\n\t\t\t\t<section class=\"elementor-section elementor-top-section elementor-element elementor-element-8dbcf11 elementor-section-full_width elementor-section-height-min-height centered-text-section2 bottom-section elementor-section-height-default elementor-section-items-middle\" data-id=\"8dbcf11\" data-element_type=\"section\" data-settings=\"{&quot;background_background&quot;:&quot;classic&quot;}\">\n\t\t\t\t\t\t<div class=\"elementor-container elementor-column-gap-no\">\n\t\t\t\t\t<div class=\"elementor-column elementor-col-100 elementor-top-column elementor-element elementor-element-c04844a\" data-id=\"c04844a\" data-element_type=\"column\">\n\t\t\t<div class=\"elementor-widget-wrap elementor-element-populated\">\n\t\t\t\t\t\t<div class=\"elementor-element elementor-element-11a2b2b elementor-widget elementor-widget-heading\" data-id=\"11a2b2b\" data-element_type=\"widget\" data-widget_type=\"heading.default\">\n\t\t\t\t<div class=\"elementor-widget-container\">\n\t\t\t\t\t<h2 class=\"elementor-heading-title elementor-size-default\">Entuzjastycznie nastawiony do naszego procesu?<\/h2>\t\t\t\t<\/div>\n\t\t\t\t<\/div>\n\t\t\t\t<div class=\"elementor-element elementor-element-3b70f1d elementor-align-center elementor-widget elementor-widget-button\" data-id=\"3b70f1d\" data-element_type=\"widget\" data-widget_type=\"button.default\">\n\t\t\t\t<div class=\"elementor-widget-container\">\n\t\t\t\t\t\t\t\t\t<div class=\"elementor-button-wrapper\">\n\t\t\t\t\t<a class=\"elementor-button elementor-button-link elementor-size-sm\" href=\"\/pl\/solliciteren\/#inschrijven\">\n\t\t\t\t\t\t<span class=\"elementor-button-content-wrapper\">\n\t\t\t\t\t\t\t\t\t<span class=\"elementor-button-text\">Z\u0142\u00f3\u017c wniosek ju\u017c teraz!<\/span>\n\t\t\t\t\t<\/span>\n\t\t\t\t\t<\/a>\n\t\t\t\t<\/div>\n\t\t\t\t\t\t\t\t<\/div>\n\t\t\t\t<\/div>\n\t\t\t\t\t<\/div>\n\t\t<\/div>\n\t\t\t\t\t<\/div>\n\t\t<\/section>\n\t\t\t\t<\/div>","protected":false},"excerpt":{"rendered":"<p>Zo loopt jouw proces Sollicitatie \/ aanmelden Via onze website jezelf aanmelden Contactmoment Wij nemen zo snel mogelijk contact op met je om je sollicitatie te bespreken en \u2028de mogelijkheden samen \u2028door te nemen. Uiteraard in \u2028je eigen taal. Je ontvangt informatie Over onze teeltlocaties, mogelijke werkzaamheden, werkdagen, je bruto uurloon en andere belangrijke zaken. [&hellip;]<\/p>","protected":false},"author":1,"featured_media":0,"parent":0,"menu_order":0,"comment_status":"closed","ping_status":"closed","template":"","meta":{"_acf_changed":false,"site-sidebar-layout":"no-sidebar","site-content-layout":"page-builder","ast-site-content-layout":"default","site-content-style":"default","site-sidebar-style":"default","ast-global-header-display":"","ast-banner-title-visibility":"","ast-main-header-display":"","ast-hfb-above-header-display":"","ast-hfb-below-header-display":"","ast-hfb-mobile-header-display":"","site-post-title":"disabled","ast-breadcrumbs-content":"","ast-featured-img":"disabled","footer-sml-layout":"","ast-disable-related-posts":"","theme-transparent-header-meta":"default","adv-header-id-meta":"","stick-header-meta":"","header-above-stick-meta":"","header-main-stick-meta":"","header-below-stick-meta":"","astra-migrate-meta-layouts":"default","ast-page-background-enabled":"default","ast-page-background-meta":{"desktop":{"background-color":"var(--ast-global-color-4)","background-image":"","background-repeat":"repeat","background-position":"center center","background-size":"auto","background-attachment":"scroll","background-type":"","background-media":"","overlay-type":"","overlay-color":"","overlay-opacity":"","overlay-gradient":""},"tablet":{"background-color":"","background-image":"","background-repeat":"repeat","background-position":"center center","background-size":"auto","background-attachment":"scroll","background-type":"","background-media":"","overlay-type":"","overlay-color":"","overlay-opacity":"","overlay-gradient":""},"mobile":{"background-color":"","background-image":"","background-repeat":"repeat","background-position":"center center","background-size":"auto","background-attachment":"scroll","background-type":"","background-media":"","overlay-type":"","overlay-color":"","overlay-opacity":"","overlay-gradient":""}},"ast-content-background-meta":{"desktop":{"background-color":"var(--ast-global-color-5)","background-image":"","background-repeat":"repeat","background-position":"center center","background-size":"auto","background-attachment":"scroll","background-type":"","background-media":"","overlay-type":"","overlay-color":"","overlay-opacity":"","overlay-gradient":""},"tablet":{"background-color":"var(--ast-global-color-5)","background-image":"","background-repeat":"repeat","background-position":"center center","background-size":"auto","background-attachment":"scroll","background-type":"","background-media":"","overlay-type":"","overlay-color":"","overlay-opacity":"","overlay-gradient":""},"mobile":{"background-color":"var(--ast-global-color-5)","background-image":"","background-repeat":"repeat","background-position":"center center","background-size":"auto","background-attachment":"scroll","background-type":"","background-media":"","overlay-type":"","overlay-color":"","overlay-opacity":"","overlay-gradient":""}},"footnotes":""},"class_list":["post-968","page","type-page","status-publish","hentry"],"acf":[],"_links":{"self":[{"href":"https:\/\/works.freshvalley.nl\/pl\/wp-json\/wp\/v2\/pages\/968","targetHints":{"allow":["GET"]}}],"collection":[{"href":"https:\/\/works.freshvalley.nl\/pl\/wp-json\/wp\/v2\/pages"}],"about":[{"href":"https:\/\/works.freshvalley.nl\/pl\/wp-json\/wp\/v2\/types\/page"}],"author":[{"embeddable":true,"href":"https:\/\/works.freshvalley.nl\/pl\/wp-json\/wp\/v2\/users\/1"}],"replies":[{"embeddable":true,"href":"https:\/\/works.freshvalley.nl\/pl\/wp-json\/wp\/v2\/comments?post=968"}],"version-history":[{"count":0,"href":"https:\/\/works.freshvalley.nl\/pl\/wp-json\/wp\/v2\/pages\/968\/revisions"}],"wp:attachment":[{"href":"https:\/\/works.freshvalley.nl\/pl\/wp-json\/wp\/v2\/media?parent=968"}],"curies":[{"name":"wp","href":"https:\/\/api.w.org\/{rel}","templated":true}]}}