{"id":1253,"date":"2025-05-13T21:55:03","date_gmt":"2025-05-13T19:55:03","guid":{"rendered":"https:\/\/works.freshvalley.nl\/?page_id=1253"},"modified":"2026-01-14T07:56:47","modified_gmt":"2026-01-14T06:56:47","slug":"huisvesting","status":"publish","type":"page","link":"https:\/\/works.freshvalley.nl\/ro\/huisvesting\/","title":{"rendered":"Locuin\u021be"},"content":{"rendered":"<div data-elementor-type=\"wp-page\" data-elementor-id=\"1253\" class=\"elementor elementor-1253\" data-elementor-post-type=\"page\">\n\t\t\t\t\t\t<section class=\"elementor-section elementor-top-section elementor-element elementor-element-f12df88 home-hero-section sub-hero-section elementor-section-height-min-height elementor-section-items-bottom elementor-section-boxed elementor-section-height-default\" data-id=\"f12df88\" data-element_type=\"section\" data-settings=\"{&quot;background_background&quot;:&quot;classic&quot;,&quot;shape_divider_bottom&quot;:&quot;mountains&quot;}\">\n\t\t\t\t\t\t\t<div class=\"elementor-background-overlay\"><\/div>\n\t\t\t\t\t\t<div class=\"elementor-shape elementor-shape-bottom\" aria-hidden=\"true\" data-negative=\"false\">\n\t\t\t<svg xmlns=\"http:\/\/www.w3.org\/2000\/svg\" viewbox=\"0 0 1000 100\" preserveaspectratio=\"none\">\n\t<path class=\"elementor-shape-fill\" opacity=\"0.33\" d=\"M473,67.3c-203.9,88.3-263.1-34-320.3,0C66,119.1,0,59.7,0,59.7V0h1000v59.7 c0,0-62.1,26.1-94.9,29.3c-32.8,3.3-62.8-12.3-75.8-22.1C806,49.6,745.3,8.7,694.9,4.7S492.4,59,473,67.3z\"\/>\n\t<path class=\"elementor-shape-fill\" opacity=\"0.66\" d=\"M734,67.3c-45.5,0-77.2-23.2-129.1-39.1c-28.6-8.7-150.3-10.1-254,39.1 s-91.7-34.4-149.2,0C115.7,118.3,0,39.8,0,39.8V0h1000v36.5c0,0-28.2-18.5-92.1-18.5C810.2,18.1,775.7,67.3,734,67.3z\"\/>\n\t<path class=\"elementor-shape-fill\" d=\"M766.1,28.9c-200-57.5-266,65.5-395.1,19.5C242,1.8,242,5.4,184.8,20.6C128,35.8,132.3,44.9,89.9,52.5C28.6,63.7,0,0,0,0 h1000c0,0-9.9,40.9-83.6,48.1S829.6,47,766.1,28.9z\"\/>\n<\/svg>\t\t<\/div>\n\t\t\t\t\t<div class=\"elementor-container elementor-column-gap-default\">\n\t\t\t\t\t<div class=\"elementor-column elementor-col-100 elementor-top-column elementor-element elementor-element-63855f5 elementor-hidden-desktop elementor-hidden-laptop elementor-hidden-tablet elementor-hidden-mobile\" data-id=\"63855f5\" data-element_type=\"column\">\n\t\t\t<div class=\"elementor-widget-wrap\">\n\t\t\t\t\t\t\t<\/div>\n\t\t<\/div>\n\t\t\t\t\t<\/div>\n\t\t<\/section>\n\t\t\t\t<section class=\"elementor-section elementor-top-section elementor-element elementor-element-3a26d20 home-hero-content-section elementor-section-boxed elementor-section-height-default elementor-section-height-default\" data-id=\"3a26d20\" data-element_type=\"section\">\n\t\t\t\t\t\t<div class=\"elementor-container elementor-column-gap-default\">\n\t\t\t\t\t<div class=\"elementor-column elementor-col-100 elementor-top-column elementor-element elementor-element-ea0ae84\" data-id=\"ea0ae84\" data-element_type=\"column\">\n\t\t\t<div class=\"elementor-widget-wrap elementor-element-populated\">\n\t\t\t\t\t\t<div class=\"elementor-element elementor-element-e898b52 elementor-widget__width-initial elementor-widget elementor-widget-text-editor\" data-id=\"e898b52\" data-element_type=\"widget\" data-widget_type=\"text-editor.default\">\n\t\t\t\t<div class=\"elementor-widget-container\">\n\t\t\t\t\t\t\t\t\t<h1>Locuin\u021be la <strong>Fresh Valley Works<\/strong><\/h1><p>La Fresh Valley Works, nu oferim doar un loc de munc\u0103 adecvat, ci \u0219i o locuin\u021b\u0103 confortabil\u0103 \u0219i sigur\u0103. Indiferent dac\u0103 \u0219ederea dvs. este temporar\u0103 sau pe termen lung, oferim locuin\u021be conforme SNF, aproape de locul dvs. de munc\u0103, cu toate facilit\u0103\u021bile de baz\u0103 de care ave\u021bi nevoie pentru a v\u0103 sim\u021bi rapid acas\u0103.<\/p>\t\t\t\t\t\t\t\t<\/div>\n\t\t\t\t<\/div>\n\t\t\t\t\t<\/div>\n\t\t<\/div>\n\t\t\t\t\t<\/div>\n\t\t<\/section>\n\t\t\t\t<section class=\"elementor-section elementor-top-section elementor-element elementor-element-eefc5e4 elementor-section-full_width content-section img-text elementor-section-content-middle elementor-section-height-default elementor-section-height-default\" data-id=\"eefc5e4\" data-element_type=\"section\" data-settings=\"{&quot;background_background&quot;:&quot;classic&quot;}\">\n\t\t\t\t\t\t<div class=\"elementor-container elementor-column-gap-no\">\n\t\t\t\t\t<div class=\"elementor-column elementor-col-50 elementor-top-column elementor-element elementor-element-eea7070\" data-id=\"eea7070\" data-element_type=\"column\">\n\t\t\t<div class=\"elementor-widget-wrap elementor-element-populated\">\n\t\t\t\t\t\t<div class=\"elementor-element elementor-element-ce38f4c elementor-widget elementor-widget-image\" data-id=\"ce38f4c\" data-element_type=\"widget\" data-widget_type=\"image.default\">\n\t\t\t\t<div class=\"elementor-widget-container\">\n\t\t\t\t\t\t\t\t\t\t\t\t\t\t\t<img fetchpriority=\"high\" decoding=\"async\" width=\"838\" height=\"1024\" src=\"https:\/\/works.freshvalley.nl\/wp-content\/uploads\/2023\/09\/template-image-1-1-838x1024.png\" class=\"attachment-large size-large wp-image-1193\" alt=\"\" srcset=\"https:\/\/works.freshvalley.nl\/wp-content\/uploads\/2023\/09\/template-image-1-1-838x1024.png 838w, https:\/\/works.freshvalley.nl\/wp-content\/uploads\/2023\/09\/template-image-1-1-246x300.png 246w, https:\/\/works.freshvalley.nl\/wp-content\/uploads\/2023\/09\/template-image-1-1-768x938.png 768w, https:\/\/works.freshvalley.nl\/wp-content\/uploads\/2023\/09\/template-image-1-1-10x12.png 10w, https:\/\/works.freshvalley.nl\/wp-content\/uploads\/2023\/09\/template-image-1-1.png 960w\" sizes=\"(max-width: 838px) 100vw, 838px\" \/>\t\t\t\t\t\t\t\t\t\t\t\t\t\t\t<\/div>\n\t\t\t\t<\/div>\n\t\t\t\t\t<\/div>\n\t\t<\/div>\n\t\t\t\t<div class=\"elementor-column elementor-col-50 elementor-top-column elementor-element elementor-element-fb3dbf9\" data-id=\"fb3dbf9\" data-element_type=\"column\" data-settings=\"{&quot;background_background&quot;:&quot;classic&quot;}\">\n\t\t\t<div class=\"elementor-widget-wrap elementor-element-populated\">\n\t\t\t\t\t\t<div class=\"elementor-element elementor-element-7047d67 elementor-widget elementor-widget-text-editor\" data-id=\"7047d67\" data-element_type=\"widget\" data-widget_type=\"text-editor.default\">\n\t\t\t\t<div class=\"elementor-widget-container\">\n\t\t\t\t\t\t\t\t\t<h2>Via\u021ba bun\u0103 \u00eencepe aici - locuin\u021be aranjate prin Fresh Valley Works<\/h2><p class=\"\" data-start=\"247\" data-end=\"625\">La Fresh Valley Works, consider\u0103m c\u0103 este important s\u0103 v\u0103 sim\u021bi\u021bi rapid ca acas\u0103 \u00een \u021a\u0103rile de Jos. Acesta este motivul pentru care v\u0103 oferim nu numai un loc de munc\u0103 adecvat, ci \u0219i o locuin\u021b\u0103 confortabil\u0103 \u0219i de \u00eencredere. Fie c\u0103 veni\u021bi pentru c\u00e2teva luni sau r\u0103m\u00e2ne\u021bi pentru o perioad\u0103 mai lung\u0103, v\u0103 oferim o locuin\u021b\u0103 care respect\u0103 standardele SNF, aproape de locul de munc\u0103 \u0219i cu toate facilit\u0103\u021bile de baz\u0103 de care ave\u021bi nevoie.<\/p><p class=\"\" data-start=\"627\" data-end=\"837\">Propriet\u0103\u021bile noastre sunt complet mobilate, bine \u00eentre\u021binute \u0219i verificate periodic \u00een ceea ce prive\u0219te calitatea. Astfel, v\u0103 pute\u021bi concentra pe munca \u0219i via\u021ba dumneavoastr\u0103, \u00een timp ce noi v\u0103 oferim un loc pl\u0103cut de locuit.<\/p><p class=\"\" data-start=\"839\" data-end=\"901\"><strong data-start=\"839\" data-end=\"901\">Transparent, sigur \u0219i \u00eengrijit - exact a\u0219a cum ar trebui s\u0103 fie.<\/strong><\/p>\t\t\t\t\t\t\t\t<\/div>\n\t\t\t\t<\/div>\n\t\t\t\t\t<\/div>\n\t\t<\/div>\n\t\t\t\t\t<\/div>\n\t\t<\/section>\n\t\t\t\t<section class=\"elementor-section elementor-top-section elementor-element elementor-element-bf0722a content-section text-img downloads-section elementor-section-content-middle elementor-section-boxed elementor-section-height-default elementor-section-height-default\" data-id=\"bf0722a\" data-element_type=\"section\" data-settings=\"{&quot;background_background&quot;:&quot;classic&quot;}\">\n\t\t\t\t\t\t\t<div class=\"elementor-background-overlay\"><\/div>\n\t\t\t\t\t\t\t<div class=\"elementor-container elementor-column-gap-default\">\n\t\t\t\t\t<div class=\"elementor-column elementor-col-50 elementor-top-column elementor-element elementor-element-957c515\" data-id=\"957c515\" data-element_type=\"column\">\n\t\t\t<div class=\"elementor-widget-wrap elementor-element-populated\">\n\t\t\t\t\t\t<div class=\"elementor-element elementor-element-3941913 elementor-widget elementor-widget-text-editor\" data-id=\"3941913\" data-element_type=\"widget\" data-widget_type=\"text-editor.default\">\n\t\t\t\t<div class=\"elementor-widget-container\">\n\t\t\t\t\t\t\t\t\t<h2>Desc\u0103rc\u0103ri<br \/>&amp; leg\u0103turi<\/h2><p>\u00cen cadrul Fresh Valley, noi ne ax\u0103m pe o bun\u0103 cooperare \u0219i pe un mediu pl\u0103cut pentru toat\u0103 lumea.<\/p><p>Pentru aceasta, avem documente \u0219i link-uri importante disponibile aici:<\/p>\t\t\t\t\t\t\t\t<\/div>\n\t\t\t\t<\/div>\n\t\t\t\t<div class=\"elementor-element elementor-element-733e33f elementor-widget__width-auto elementor-widget elementor-widget-button\" data-id=\"733e33f\" data-element_type=\"widget\" data-widget_type=\"button.default\">\n\t\t\t\t<div class=\"elementor-widget-container\">\n\t\t\t\t\t\t\t\t\t<div class=\"elementor-button-wrapper\">\n\t\t\t\t\t<a class=\"elementor-button elementor-button-link elementor-size-sm\" href=\"\/ro\/privacy-policy\/\">\n\t\t\t\t\t\t<span class=\"elementor-button-content-wrapper\">\n\t\t\t\t\t\t\t\t\t<span class=\"elementor-button-text\">Declara\u021bia de confiden\u021bialitate<\/span>\n\t\t\t\t\t<\/span>\n\t\t\t\t\t<\/a>\n\t\t\t\t<\/div>\n\t\t\t\t\t\t\t\t<\/div>\n\t\t\t\t<\/div>\n\t\t\t\t<div class=\"elementor-element elementor-element-6e7819f elementor-widget__width-auto elementor-widget elementor-widget-button\" data-id=\"6e7819f\" data-element_type=\"widget\" data-widget_type=\"button.default\">\n\t\t\t\t<div class=\"elementor-widget-container\">\n\t\t\t\t\t\t\t\t\t<div class=\"elementor-button-wrapper\">\n\t\t\t\t\t<a class=\"elementor-button elementor-button-link elementor-size-sm\" href=\"https:\/\/works.freshvalley.nl\/wp-content\/uploads\/2025\/05\/SNF_VerklaringVanRegistratie2025.pdf\" target=\"_blank\">\n\t\t\t\t\t\t<span class=\"elementor-button-content-wrapper\">\n\t\t\t\t\t\t\t\t\t<span class=\"elementor-button-text\">Certificat SNF<\/span>\n\t\t\t\t\t<\/span>\n\t\t\t\t\t<\/a>\n\t\t\t\t<\/div>\n\t\t\t\t\t\t\t\t<\/div>\n\t\t\t\t<\/div>\n\t\t\t\t<div class=\"elementor-element elementor-element-c908833 elementor-widget__width-auto elementor-widget elementor-widget-button\" data-id=\"c908833\" data-element_type=\"widget\" data-widget_type=\"button.default\">\n\t\t\t\t<div class=\"elementor-widget-container\">\n\t\t\t\t\t\t\t\t\t<div class=\"elementor-button-wrapper\">\n\t\t\t\t\t<a class=\"elementor-button elementor-button-link elementor-size-sm\" href=\"https:\/\/freshvalley.nl\/\" target=\"_blank\" rel=\"noopener\">\n\t\t\t\t\t\t<span class=\"elementor-button-content-wrapper\">\n\t\t\t\t\t\t\t\t\t<span class=\"elementor-button-text\">Site-ul Fresh Valley<\/span>\n\t\t\t\t\t<\/span>\n\t\t\t\t\t<\/a>\n\t\t\t\t<\/div>\n\t\t\t\t\t\t\t\t<\/div>\n\t\t\t\t<\/div>\n\t\t\t\t<div class=\"elementor-element elementor-element-020ea93 elementor-widget__width-auto elementor-widget elementor-widget-button\" data-id=\"020ea93\" data-element_type=\"widget\" data-widget_type=\"button.default\">\n\t\t\t\t<div class=\"elementor-widget-container\">\n\t\t\t\t\t\t\t\t\t<div class=\"elementor-button-wrapper\">\n\t\t\t\t\t<a class=\"elementor-button elementor-button-link elementor-size-sm\" href=\"https:\/\/www.normeringflexwonen.nl\/de-norm\" target=\"_blank\" rel=\"noopener\">\n\t\t\t\t\t\t<span class=\"elementor-button-content-wrapper\">\n\t\t\t\t\t\t\t\t\t<span class=\"elementor-button-text\">Standard de cazare SNF<\/span>\n\t\t\t\t\t<\/span>\n\t\t\t\t\t<\/a>\n\t\t\t\t<\/div>\n\t\t\t\t\t\t\t\t<\/div>\n\t\t\t\t<\/div>\n\t\t\t\t\t<\/div>\n\t\t<\/div>\n\t\t\t\t<div class=\"elementor-column elementor-col-50 elementor-top-column elementor-element elementor-element-b0f32da\" data-id=\"b0f32da\" data-element_type=\"column\">\n\t\t\t<div class=\"elementor-widget-wrap elementor-element-populated\">\n\t\t\t\t\t\t<div class=\"elementor-element elementor-element-69aba4e elementor-widget elementor-widget-image\" data-id=\"69aba4e\" data-element_type=\"widget\" data-widget_type=\"image.default\">\n\t\t\t\t<div class=\"elementor-widget-container\">\n\t\t\t\t\t\t\t\t\t\t\t\t\t\t\t<img decoding=\"async\" width=\"1024\" height=\"476\" src=\"https:\/\/works.freshvalley.nl\/wp-content\/uploads\/2025\/05\/kuppens_fotografie_9359-1024x476.jpg\" class=\"attachment-large size-large wp-image-1260\" alt=\"\" srcset=\"https:\/\/works.freshvalley.nl\/wp-content\/uploads\/2025\/05\/kuppens_fotografie_9359-1024x476.jpg 1024w, https:\/\/works.freshvalley.nl\/wp-content\/uploads\/2025\/05\/kuppens_fotografie_9359-300x139.jpg 300w, https:\/\/works.freshvalley.nl\/wp-content\/uploads\/2025\/05\/kuppens_fotografie_9359-768x357.jpg 768w, https:\/\/works.freshvalley.nl\/wp-content\/uploads\/2025\/05\/kuppens_fotografie_9359-1536x714.jpg 1536w, https:\/\/works.freshvalley.nl\/wp-content\/uploads\/2025\/05\/kuppens_fotografie_9359-2048x952.jpg 2048w, https:\/\/works.freshvalley.nl\/wp-content\/uploads\/2025\/05\/kuppens_fotografie_9359-18x8.jpg 18w\" sizes=\"(max-width: 1024px) 100vw, 1024px\" \/>\t\t\t\t\t\t\t\t\t\t\t\t\t\t\t<\/div>\n\t\t\t\t<\/div>\n\t\t\t\t\t<\/div>\n\t\t<\/div>\n\t\t\t\t\t<\/div>\n\t\t<\/section>\n\t\t\t\t<section class=\"elementor-section elementor-top-section elementor-element elementor-element-efed8da elementor-section-full_width content-section img-text elementor-section-content-middle elementor-section-height-default elementor-section-height-default\" data-id=\"efed8da\" data-element_type=\"section\" data-settings=\"{&quot;background_background&quot;:&quot;classic&quot;}\">\n\t\t\t\t\t\t<div class=\"elementor-container elementor-column-gap-no\">\n\t\t\t\t\t<div class=\"elementor-column elementor-col-50 elementor-top-column elementor-element elementor-element-7de5d70\" data-id=\"7de5d70\" data-element_type=\"column\">\n\t\t\t<div class=\"elementor-widget-wrap elementor-element-populated\">\n\t\t\t\t\t\t<div class=\"elementor-element elementor-element-0610e32 elementor-widget elementor-widget-image\" data-id=\"0610e32\" data-element_type=\"widget\" data-widget_type=\"image.default\">\n\t\t\t\t<div class=\"elementor-widget-container\">\n\t\t\t\t\t\t\t\t\t\t\t\t\t\t\t<img decoding=\"async\" width=\"960\" height=\"762\" src=\"https:\/\/works.freshvalley.nl\/wp-content\/uploads\/2023\/07\/template-image-3.png\" class=\"attachment-large size-large wp-image-939\" alt=\"\" srcset=\"https:\/\/works.freshvalley.nl\/wp-content\/uploads\/2023\/07\/template-image-3.png 960w, https:\/\/works.freshvalley.nl\/wp-content\/uploads\/2023\/07\/template-image-3-300x238.png 300w, https:\/\/works.freshvalley.nl\/wp-content\/uploads\/2023\/07\/template-image-3-768x610.png 768w, https:\/\/works.freshvalley.nl\/wp-content\/uploads\/2023\/07\/template-image-3-15x12.png 15w\" sizes=\"(max-width: 960px) 100vw, 960px\" \/>\t\t\t\t\t\t\t\t\t\t\t\t\t\t\t<\/div>\n\t\t\t\t<\/div>\n\t\t\t\t\t<\/div>\n\t\t<\/div>\n\t\t\t\t<div class=\"elementor-column elementor-col-50 elementor-top-column elementor-element elementor-element-baf10b8\" data-id=\"baf10b8\" data-element_type=\"column\" data-settings=\"{&quot;background_background&quot;:&quot;classic&quot;}\">\n\t\t\t<div class=\"elementor-widget-wrap elementor-element-populated\">\n\t\t\t\t\t\t<div class=\"elementor-element elementor-element-2777f62 elementor-widget__width-auto elementor-widget elementor-widget-icon-box\" data-id=\"2777f62\" data-element_type=\"widget\" data-widget_type=\"icon-box.default\">\n\t\t\t\t<div class=\"elementor-widget-container\">\n\t\t\t\t\t\t\t<div class=\"elementor-icon-box-wrapper\">\n\n\t\t\t\n\t\t\t\t\t\t<div class=\"elementor-icon-box-content\">\n\n\t\t\t\t\t\t\t\t\t<h2 class=\"elementor-icon-box-title\">\n\t\t\t\t\t\t<span  >\n\t\t\t\t\t\t\tStichting Normering Flexwonen\t\t\t\t\t\t<\/span>\n\t\t\t\t\t<\/h2>\n\t\t\t\t\n\t\t\t\t\n\t\t\t<\/div>\n\t\t\t\n\t\t<\/div>\n\t\t\t\t\t\t<\/div>\n\t\t\t\t<\/div>\n\t\t\t\t<div class=\"elementor-element elementor-element-e0be4b8 elementor-widget elementor-widget-text-editor\" data-id=\"e0be4b8\" data-element_type=\"widget\" data-widget_type=\"text-editor.default\">\n\t\t\t\t<div class=\"elementor-widget-container\">\n\t\t\t\t\t\t\t\t\t<p>Stichting Normering Flexwonen (SNF) gestioneaz\u0103 registrul \u00eentreprinderilor care respect\u0103 standardul privind cazarea migran\u021bilor care lucreaz\u0103 \u0219i men\u021bine aceste standarde. Organiza\u021biile care ofer\u0103 cazare pentru lucr\u0103torii migran\u021bi pot ob\u021bine un certificat de la Stichting Normering Flexwonen (Funda\u021bia pentru standardizarea caz\u0103rii flexibile). Pentru a face acest lucru, trebuie s\u0103 respecte standardul privind cazarea migran\u021bilor for\u021ba de munc\u0103.\u00a0<\/p><p>A se vedea <a href=\"https:\/\/www.normeringflexwonen.nl\/\" target=\"_blank\" rel=\"noopener\">https:\/\/www.normeringflexwonen.nl\/<\/a><\/p>\t\t\t\t\t\t\t\t<\/div>\n\t\t\t\t<\/div>\n\t\t\t\t\t<\/div>\n\t\t<\/div>\n\t\t\t\t\t<\/div>\n\t\t<\/section>\n\t\t\t\t<section class=\"elementor-section elementor-top-section elementor-element elementor-element-4179441 padding-section bsn-section elementor-section-boxed elementor-section-height-default elementor-section-height-default\" data-id=\"4179441\" data-element_type=\"section\">\n\t\t\t\t\t\t<div class=\"elementor-container elementor-column-gap-default\">\n\t\t\t\t\t<div class=\"elementor-column elementor-col-100 elementor-top-column elementor-element elementor-element-ed3afb2\" data-id=\"ed3afb2\" data-element_type=\"column\" id=\"vragen\" data-settings=\"{&quot;background_background&quot;:&quot;classic&quot;}\">\n\t\t\t<div class=\"elementor-widget-wrap elementor-element-populated\">\n\t\t\t\t\t\t<div class=\"elementor-element elementor-element-b92dd1e elementor-widget elementor-widget-text-editor\" data-id=\"b92dd1e\" data-element_type=\"widget\" data-widget_type=\"text-editor.default\">\n\t\t\t\t<div class=\"elementor-widget-container\">\n\t\t\t\t\t\t\t\t\t<h3>\u00centreb\u0103ri despre cazare? Suntem aici pentru tine.<\/h3><p class=\"\" data-start=\"323\" data-end=\"573\">La Fresh Valley Works, pre\u021buim buna comunicare \u0219i transparen\u021ba, at\u00e2t fa\u021b\u0103 de angaja\u021bii no\u0219tri, c\u00e2t \u0219i fa\u021b\u0103 de mediul \u00een care ace\u0219tia tr\u0103iesc. \u00cen\u021belegem c\u0103, uneori, pot exista \u00eentreb\u0103ri sau preocup\u0103ri cu privire la locuin\u021bele pe care le oferim.<\/p><p data-start=\"323\" data-end=\"573\">\u00a0<\/p><h4 data-start=\"575\" data-end=\"597\"><strong>Pentru reziden\u021bii locali<\/strong><\/h4><p class=\"\" data-start=\"598\" data-end=\"842\">Ne str\u0103duim s\u0103 men\u021binem zona reziden\u021bial\u0103 lini\u0219tit\u0103, ordonat\u0103 \u0219i locuibil\u0103 pentru toat\u0103 lumea. \u00cen calitate de rezident local, ave\u021bi o \u00eentrebare sau v\u0103 confrunta\u021bi cu nepl\u0103ceri? V\u0103 rug\u0103m s\u0103 ne anun\u021ba\u021bi. Lu\u0103m \u00een serios fiecare raport \u0219i suntem bucuro\u0219i s\u0103 g\u0103sim \u00eempreun\u0103 o solu\u021bie adecvat\u0103.<\/p><p data-start=\"598\" data-end=\"842\">\u00a0<\/p><h4 class=\"\" data-start=\"844\" data-end=\"867\"><strong>Pentru angaja\u021bi<\/strong><\/h4><p class=\"\" data-start=\"868\" data-end=\"1083\">Ave\u021bi \u00eentreb\u0103ri cu privire la spa\u021biul de locuit, facilit\u0103\u021bi sau regulile casei? Sau este ceva stricat sau neclar? Consilierul nostru de munc\u0103 Claudia \u0219i coordonatorul de locuin\u021be Ivonne sunt acolo pentru a v\u0103 ajuta. Dorim s\u0103 te sim\u021bi \u00een siguran\u021b\u0103 \u0219i confortabil \u00een casa ta.<\/p><p data-start=\"868\" data-end=\"1083\">\u00a0<\/p><p data-start=\"868\" data-end=\"1083\">\u00a0<\/p><h3 data-start=\"868\" data-end=\"1083\">Contact?<\/h3><p data-start=\"868\" data-end=\"1083\">Pentru \u00eentreb\u0103ri sau notific\u0103ri, v\u0103 rug\u0103m s\u0103 ne contacta\u021bi prin intermediul <a href=\"https:\/\/works.freshvalley.nl\/ro\/contact\/\">pagina de contact<\/a>. Sau vorbi\u021bi la fa\u021ba locului cu unul dintre angaja\u021bii no\u0219tri. V\u0103 vom asculta, vom g\u00e2ndi \u00eempreun\u0103 cu dvs. \u0219i vom rezolva problema.<\/p>\t\t\t\t\t\t\t\t<\/div>\n\t\t\t\t<\/div>\n\t\t\t\t\t<\/div>\n\t\t<\/div>\n\t\t\t\t\t<\/div>\n\t\t<\/section>\n\t\t\t\t<section class=\"elementor-section elementor-top-section elementor-element elementor-element-9270b50 elementor-section-full_width elementor-section-height-min-height centered-text-section2 bottom-section elementor-section-height-default elementor-section-items-middle\" data-id=\"9270b50\" data-element_type=\"section\" data-settings=\"{&quot;background_background&quot;:&quot;classic&quot;}\">\n\t\t\t\t\t\t<div class=\"elementor-container elementor-column-gap-no\">\n\t\t\t\t\t<div class=\"elementor-column elementor-col-100 elementor-top-column elementor-element elementor-element-99fcc48\" data-id=\"99fcc48\" data-element_type=\"column\">\n\t\t\t<div class=\"elementor-widget-wrap elementor-element-populated\">\n\t\t\t\t\t\t<div class=\"elementor-element elementor-element-d6a123b elementor-widget elementor-widget-heading\" data-id=\"d6a123b\" data-element_type=\"widget\" data-widget_type=\"heading.default\">\n\t\t\t\t<div class=\"elementor-widget-container\">\n\t\t\t\t\t<h2 class=\"elementor-heading-title elementor-size-default\">Mai ave\u021bi \u0219i alte \u00eentreb\u0103ri? Dac\u0103 da, v\u0103 rug\u0103m s\u0103 ne contacta\u021bi.<\/h2>\t\t\t\t<\/div>\n\t\t\t\t<\/div>\n\t\t\t\t<div class=\"elementor-element elementor-element-669cac5 elementor-align-center elementor-widget elementor-widget-button\" data-id=\"669cac5\" data-element_type=\"widget\" data-widget_type=\"button.default\">\n\t\t\t\t<div class=\"elementor-widget-container\">\n\t\t\t\t\t\t\t\t\t<div class=\"elementor-button-wrapper\">\n\t\t\t\t\t<a class=\"elementor-button elementor-button-link elementor-size-sm\" href=\"\/ro\/contact\/\">\n\t\t\t\t\t\t<span class=\"elementor-button-content-wrapper\">\n\t\t\t\t\t\t\t\t\t<span class=\"elementor-button-text\">Contacta\u021bi<\/span>\n\t\t\t\t\t<\/span>\n\t\t\t\t\t<\/a>\n\t\t\t\t<\/div>\n\t\t\t\t\t\t\t\t<\/div>\n\t\t\t\t<\/div>\n\t\t\t\t\t<\/div>\n\t\t<\/div>\n\t\t\t\t\t<\/div>\n\t\t<\/section>\n\t\t\t\t<\/div>","protected":false},"excerpt":{"rendered":"<p>Huisvesting bij Fresh Valley Works Bij Fresh Valley Works zorgen we niet alleen voor passend werk, maar ook voor comfortabele en veilige huisvesting. Of je nu tijdelijk of langdurig blijft, wij bieden woningen die voldoen aan de SNF-normen, dicht bij je werk, met alle basisvoorzieningen die je nodig hebt om je snel thuis te voelen. [&hellip;]<\/p>","protected":false},"author":7,"featured_media":0,"parent":0,"menu_order":0,"comment_status":"closed","ping_status":"closed","template":"","meta":{"_acf_changed":false,"site-sidebar-layout":"no-sidebar","site-content-layout":"page-builder","ast-site-content-layout":"full-width-container","site-content-style":"unboxed","site-sidebar-style":"unboxed","ast-global-header-display":"","ast-banner-title-visibility":"","ast-main-header-display":"","ast-hfb-above-header-display":"","ast-hfb-below-header-display":"","ast-hfb-mobile-header-display":"","site-post-title":"disabled","ast-breadcrumbs-content":"","ast-featured-img":"disabled","footer-sml-layout":"","ast-disable-related-posts":"","theme-transparent-header-meta":"default","adv-header-id-meta":"","stick-header-meta":"","header-above-stick-meta":"","header-main-stick-meta":"","header-below-stick-meta":"","astra-migrate-meta-layouts":"set","ast-page-background-enabled":"default","ast-page-background-meta":{"desktop":{"background-color":"var(--ast-global-color-4)","background-image":"","background-repeat":"repeat","background-position":"center center","background-size":"auto","background-attachment":"scroll","background-type":"","background-media":"","overlay-type":"","overlay-color":"","overlay-opacity":"","overlay-gradient":""},"tablet":{"background-color":"","background-image":"","background-repeat":"repeat","background-position":"center center","background-size":"auto","background-attachment":"scroll","background-type":"","background-media":"","overlay-type":"","overlay-color":"","overlay-opacity":"","overlay-gradient":""},"mobile":{"background-color":"","background-image":"","background-repeat":"repeat","background-position":"center center","background-size":"auto","background-attachment":"scroll","background-type":"","background-media":"","overlay-type":"","overlay-color":"","overlay-opacity":"","overlay-gradient":""}},"ast-content-background-meta":{"desktop":{"background-color":"var(--ast-global-color-5)","background-image":"","background-repeat":"repeat","background-position":"center center","background-size":"auto","background-attachment":"scroll","background-type":"","background-media":"","overlay-type":"","overlay-color":"","overlay-opacity":"","overlay-gradient":""},"tablet":{"background-color":"var(--ast-global-color-5)","background-image":"","background-repeat":"repeat","background-position":"center center","background-size":"auto","background-attachment":"scroll","background-type":"","background-media":"","overlay-type":"","overlay-color":"","overlay-opacity":"","overlay-gradient":""},"mobile":{"background-color":"var(--ast-global-color-5)","background-image":"","background-repeat":"repeat","background-position":"center center","background-size":"auto","background-attachment":"scroll","background-type":"","background-media":"","overlay-type":"","overlay-color":"","overlay-opacity":"","overlay-gradient":""}},"footnotes":""},"class_list":["post-1253","page","type-page","status-publish","hentry"],"acf":[],"_links":{"self":[{"href":"https:\/\/works.freshvalley.nl\/ro\/wp-json\/wp\/v2\/pages\/1253","targetHints":{"allow":["GET"]}}],"collection":[{"href":"https:\/\/works.freshvalley.nl\/ro\/wp-json\/wp\/v2\/pages"}],"about":[{"href":"https:\/\/works.freshvalley.nl\/ro\/wp-json\/wp\/v2\/types\/page"}],"author":[{"embeddable":true,"href":"https:\/\/works.freshvalley.nl\/ro\/wp-json\/wp\/v2\/users\/7"}],"replies":[{"embeddable":true,"href":"https:\/\/works.freshvalley.nl\/ro\/wp-json\/wp\/v2\/comments?post=1253"}],"version-history":[{"count":17,"href":"https:\/\/works.freshvalley.nl\/ro\/wp-json\/wp\/v2\/pages\/1253\/revisions"}],"predecessor-version":[{"id":1284,"href":"https:\/\/works.freshvalley.nl\/ro\/wp-json\/wp\/v2\/pages\/1253\/revisions\/1284"}],"wp:attachment":[{"href":"https:\/\/works.freshvalley.nl\/ro\/wp-json\/wp\/v2\/media?parent=1253"}],"curies":[{"name":"wp","href":"https:\/\/api.w.org\/{rel}","templated":true}]}}